{"id":19,"date":"2020-10-14T12:27:31","date_gmt":"2020-10-14T10:27:31","guid":{"rendered":"http:\/\/apiculture-jura-miel-compagnon.com\/?page_id=19"},"modified":"2020-10-14T16:36:08","modified_gmt":"2020-10-14T14:36:08","slug":"shop","status":"publish","type":"page","link":"https:\/\/apiculture-jura-miel-compagnon.com\/index.php\/shop\/","title":{"rendered":"shop"},"content":{"rendered":"\t\t<div data-elementor-type=\"wp-post\" data-elementor-id=\"19\" class=\"elementor elementor-19\">\n\t\t\t\t\t\t<section class=\"elementor-section elementor-top-section elementor-element elementor-element-9971f58 elementor-section-boxed elementor-section-height-default elementor-section-height-default\" data-id=\"9971f58\" data-element_type=\"section\" data-settings=\"{&quot;background_background&quot;:&quot;classic&quot;,&quot;shape_divider_bottom&quot;:&quot;opacity-tilt&quot;}\">\n\t\t\t\t\t<div class=\"elementor-shape elementor-shape-bottom\" aria-hidden=\"true\" data-negative=\"false\">\n\t\t\t<svg xmlns=\"http:\/\/www.w3.org\/2000\/svg\" viewBox=\"0 0 2600 131.1\" preserveAspectRatio=\"none\">\n\t<path class=\"elementor-shape-fill\" d=\"M0 0L2600 0 2600 69.1 0 0z\"\/>\n\t<path class=\"elementor-shape-fill\" style=\"opacity:0.5\" d=\"M0 0L2600 0 2600 69.1 0 69.1z\"\/>\n\t<path class=\"elementor-shape-fill\" style=\"opacity:0.25\" d=\"M2600 0L0 0 0 130.1 2600 69.1z\"\/>\n<\/svg>\t\t<\/div>\n\t\t\t\t\t<div class=\"elementor-container elementor-column-gap-default\">\n\t\t\t\t\t<div class=\"elementor-column elementor-col-100 elementor-top-column elementor-element elementor-element-a8a0cbf\" data-id=\"a8a0cbf\" data-element_type=\"column\" data-settings=\"{&quot;background_background&quot;:&quot;classic&quot;}\">\n\t\t\t<div class=\"elementor-widget-wrap elementor-element-populated\">\n\t\t\t\t\t\t<div class=\"elementor-element elementor-element-49dc915 elementor-widget elementor-widget-heading\" data-id=\"49dc915\" data-element_type=\"widget\" data-widget_type=\"heading.default\">\n\t\t\t\t<div class=\"elementor-widget-container\">\n\t\t\t\t\t<h2 class=\"elementor-heading-title elementor-size-default\">Notre boutique<\/h2>\t\t\t\t<\/div>\n\t\t\t\t<\/div>\n\t\t\t\t\t<\/div>\n\t\t<\/div>\n\t\t\t\t\t<\/div>\n\t\t<\/section>\n\t\t\t\t<section class=\"elementor-section elementor-top-section elementor-element elementor-element-b4ab473 elementor-section-boxed elementor-section-height-default elementor-section-height-default\" data-id=\"b4ab473\" data-element_type=\"section\">\n\t\t\t\t\t\t<div class=\"elementor-container elementor-column-gap-default\">\n\t\t\t\t\t<div class=\"elementor-column elementor-col-100 elementor-top-column elementor-element elementor-element-bb6ab22\" data-id=\"bb6ab22\" data-element_type=\"column\">\n\t\t\t<div class=\"elementor-widget-wrap elementor-element-populated\">\n\t\t\t\t\t\t<div class=\"elementor-element elementor-element-7d99e8b elementor-grid-5 elementor-product-loop-item--align-center elementor-grid-tablet-3 elementor-grid-mobile-2 elementor-products-grid elementor-wc-products elementor-widget elementor-widget-wc-categories\" data-id=\"7d99e8b\" data-element_type=\"widget\" data-widget_type=\"wc-categories.default\">\n\t\t\t\t<div class=\"elementor-widget-container\">\n\t\t\t\t\t<div class=\"woocommerce columns-5\"><ul class=\"products elementor-grid columns-5\">\n<li class=\"product-category product first\">\n\t<a aria-label=\"Acc\u00e9der \u00e0 la cat\u00e9gorie de produits Miels\" href=\"https:\/\/apiculture-jura-miel-compagnon.com\/index.php\/categorie-produit\/miels\/\"><img fetchpriority=\"high\" decoding=\"async\" src=\"https:\/\/apiculture-jura-miel-compagnon.com\/wp-content\/uploads\/2020\/10\/categorie.png\" alt=\"Miels\" width=\"300\" height=\"300\" \/>\t\t<h2 class=\"woocommerce-loop-category__title\">\n\t\t\tMiels <mark class=\"count\">(19)<\/mark>\t\t<\/h2>\n\t\t<\/a><\/li>\n<li class=\"product-category product\">\n\t<a aria-label=\"Acc\u00e9der \u00e0 la cat\u00e9gorie de produits Miel en vrac ou en f\u00fbt\" href=\"https:\/\/apiculture-jura-miel-compagnon.com\/index.php\/categorie-produit\/miel-vrac-fut\/\"><img decoding=\"async\" src=\"https:\/\/apiculture-jura-miel-compagnon.com\/wp-content\/uploads\/2020\/10\/categorie.png\" alt=\"Miel en vrac ou en f\u00fbt\" width=\"300\" height=\"300\" \/>\t\t<h2 class=\"woocommerce-loop-category__title\">\n\t\t\tMiel en vrac ou en f\u00fbt <mark class=\"count\">(1)<\/mark>\t\t<\/h2>\n\t\t<\/a><\/li>\n<li class=\"product-category product\">\n\t<a aria-label=\"Acc\u00e9der \u00e0 la cat\u00e9gorie de produits Gourmandises\" href=\"https:\/\/apiculture-jura-miel-compagnon.com\/index.php\/categorie-produit\/gourmandises\/\"><img decoding=\"async\" src=\"https:\/\/apiculture-jura-miel-compagnon.com\/wp-content\/uploads\/2020\/10\/categorie.png\" alt=\"Gourmandises\" width=\"300\" height=\"300\" \/>\t\t<h2 class=\"woocommerce-loop-category__title\">\n\t\t\tGourmandises <mark class=\"count\">(8)<\/mark>\t\t<\/h2>\n\t\t<\/a><\/li>\n<li class=\"product-category product\">\n\t<a aria-label=\"Acc\u00e9der \u00e0 la cat\u00e9gorie de produits Essaims et reines\" href=\"https:\/\/apiculture-jura-miel-compagnon.com\/index.php\/categorie-produit\/essaims-reines\/\"><img loading=\"lazy\" decoding=\"async\" src=\"https:\/\/apiculture-jura-miel-compagnon.com\/wp-content\/uploads\/2020\/10\/categorie.png\" alt=\"Essaims et reines\" width=\"300\" height=\"300\" \/>\t\t<h2 class=\"woocommerce-loop-category__title\">\n\t\t\tEssaims et reines <mark class=\"count\">(6)<\/mark>\t\t<\/h2>\n\t\t<\/a><\/li>\n<li class=\"product-category product last\">\n\t<a aria-label=\"Acc\u00e9der \u00e0 la cat\u00e9gorie de produits Cosm\u00e9tiques\" href=\"https:\/\/apiculture-jura-miel-compagnon.com\/index.php\/categorie-produit\/cosmetiques\/\"><img loading=\"lazy\" decoding=\"async\" src=\"https:\/\/apiculture-jura-miel-compagnon.com\/wp-content\/uploads\/2020\/10\/categorie.png\" alt=\"Cosm\u00e9tiques\" width=\"300\" height=\"300\" \/>\t\t<h2 class=\"woocommerce-loop-category__title\">\n\t\t\tCosm\u00e9tiques <mark class=\"count\">(2)<\/mark>\t\t<\/h2>\n\t\t<\/a><\/li>\n<\/ul>\n<\/div>\t\t\t\t<\/div>\n\t\t\t\t<\/div>\n\t\t\t\t\t<\/div>\n\t\t<\/div>\n\t\t\t\t\t<\/div>\n\t\t<\/section>\n\t\t\t\t<section class=\"elementor-section elementor-top-section elementor-element elementor-element-f661bfb elementor-section-boxed elementor-section-height-default elementor-section-height-default\" data-id=\"f661bfb\" data-element_type=\"section\">\n\t\t\t\t\t\t<div class=\"elementor-container elementor-column-gap-default\">\n\t\t\t\t\t<div class=\"elementor-column elementor-col-100 elementor-top-column elementor-element elementor-element-ec30347\" data-id=\"ec30347\" data-element_type=\"column\">\n\t\t\t<div class=\"elementor-widget-wrap\">\n\t\t\t\t\t\t\t<\/div>\n\t\t<\/div>\n\t\t\t\t\t<\/div>\n\t\t<\/section>\n\t\t\t\t<\/div>\n\t\t","protected":false},"excerpt":{"rendered":"<p>Notre boutique<\/p>\n","protected":false},"author":1,"featured_media":0,"parent":0,"menu_order":0,"comment_status":"closed","ping_status":"closed","template":"","meta":{"footnotes":""},"class_list":["post-19","page","type-page","status-publish","hentry"],"yoast_head":"<!-- This site is optimized with the Yoast SEO plugin v19.7.2 - https:\/\/yoast.com\/wordpress\/plugins\/seo\/ -->\n<title>shop - Miel et Apiculture du jura - Julien Compagnon<\/title>\n<meta name=\"description\" content=\"votre miel made in jura\" \/>\n<meta name=\"robots\" content=\"index, follow, max-snippet:-1, max-image-preview:large, max-video-preview:-1\" \/>\n<link rel=\"canonical\" href=\"https:\/\/apiculture-jura-miel-compagnon.com\/index.php\/shop\/\" \/>\n<meta property=\"og:locale\" content=\"fr_FR\" \/>\n<meta property=\"og:type\" content=\"article\" \/>\n<meta property=\"og:title\" content=\"shop - Miel et Apiculture du jura - Julien Compagnon\" \/>\n<meta property=\"og:description\" content=\"votre miel made in jura\" \/>\n<meta property=\"og:url\" content=\"https:\/\/apiculture-jura-miel-compagnon.com\/index.php\/shop\/\" \/>\n<meta property=\"og:site_name\" content=\"Miel et Apiculture du jura - Julien Compagnon\" \/>\n<meta property=\"article:publisher\" content=\"https:\/\/www.facebook.com\/juliencompagnonapiculteur\" \/>\n<meta property=\"article:modified_time\" content=\"2020-10-14T14:36:08+00:00\" \/>\n<meta name=\"twitter:card\" content=\"summary_large_image\" \/>\n<script type=\"application\/ld+json\" class=\"yoast-schema-graph\">{\"@context\":\"https:\/\/schema.org\",\"@graph\":[{\"@type\":\"WebPage\",\"@id\":\"https:\/\/apiculture-jura-miel-compagnon.com\/index.php\/shop\/\",\"url\":\"https:\/\/apiculture-jura-miel-compagnon.com\/index.php\/shop\/\",\"name\":\"shop - Miel et Apiculture du jura - Julien Compagnon\",\"isPartOf\":{\"@id\":\"https:\/\/apiculture-jura-miel-compagnon.com\/#website\"},\"datePublished\":\"2020-10-14T10:27:31+00:00\",\"dateModified\":\"2020-10-14T14:36:08+00:00\",\"description\":\"votre miel made in jura\",\"breadcrumb\":{\"@id\":\"https:\/\/apiculture-jura-miel-compagnon.com\/index.php\/shop\/#breadcrumb\"},\"inLanguage\":\"fr-FR\",\"potentialAction\":[{\"@type\":\"ReadAction\",\"target\":[\"https:\/\/apiculture-jura-miel-compagnon.com\/index.php\/shop\/\"]}]},{\"@type\":\"BreadcrumbList\",\"@id\":\"https:\/\/apiculture-jura-miel-compagnon.com\/index.php\/shop\/#breadcrumb\",\"itemListElement\":[{\"@type\":\"ListItem\",\"position\":1,\"name\":\"Accueil\",\"item\":\"https:\/\/apiculture-jura-miel-compagnon.com\/\"},{\"@type\":\"ListItem\",\"position\":2,\"name\":\"shop\"}]},{\"@type\":\"WebSite\",\"@id\":\"https:\/\/apiculture-jura-miel-compagnon.com\/#website\",\"url\":\"https:\/\/apiculture-jura-miel-compagnon.com\/\",\"name\":\"Miel et Apiculture du jura - Julien Compagnon\",\"description\":\"Votre miel et apiculteur made in jura\",\"publisher\":{\"@id\":\"https:\/\/apiculture-jura-miel-compagnon.com\/#organization\"},\"potentialAction\":[{\"@type\":\"SearchAction\",\"target\":{\"@type\":\"EntryPoint\",\"urlTemplate\":\"https:\/\/apiculture-jura-miel-compagnon.com\/?s={search_term_string}\"},\"query-input\":\"required name=search_term_string\"}],\"inLanguage\":\"fr-FR\"},{\"@type\":\"Organization\",\"@id\":\"https:\/\/apiculture-jura-miel-compagnon.com\/#organization\",\"name\":\"Jul'un compagnon des abeilles\",\"url\":\"https:\/\/apiculture-jura-miel-compagnon.com\/\",\"sameAs\":[\"https:\/\/www.instagram.com\/juliencompagnonapiculteur\/\",\"https:\/\/www.facebook.com\/juliencompagnonapiculteur\"],\"logo\":{\"@type\":\"ImageObject\",\"inLanguage\":\"fr-FR\",\"@id\":\"https:\/\/apiculture-jura-miel-compagnon.com\/#\/schema\/logo\/image\/\",\"url\":\"https:\/\/apiculture-jura-miel-compagnon.com\/wp-content\/uploads\/2020\/08\/cropped-Mesa-de-trabajo-1@2x.png\",\"contentUrl\":\"https:\/\/apiculture-jura-miel-compagnon.com\/wp-content\/uploads\/2020\/08\/cropped-Mesa-de-trabajo-1@2x.png\",\"width\":2049,\"height\":964,\"caption\":\"Jul'un compagnon des abeilles\"},\"image\":{\"@id\":\"https:\/\/apiculture-jura-miel-compagnon.com\/#\/schema\/logo\/image\/\"}}]}<\/script>\n<!-- \/ Yoast SEO plugin. -->","yoast_head_json":{"title":"shop - Miel et Apiculture du jura - Julien Compagnon","description":"votre miel made in jura","robots":{"index":"index","follow":"follow","max-snippet":"max-snippet:-1","max-image-preview":"max-image-preview:large","max-video-preview":"max-video-preview:-1"},"canonical":"https:\/\/apiculture-jura-miel-compagnon.com\/index.php\/shop\/","og_locale":"fr_FR","og_type":"article","og_title":"shop - Miel et Apiculture du jura - Julien Compagnon","og_description":"votre miel made in jura","og_url":"https:\/\/apiculture-jura-miel-compagnon.com\/index.php\/shop\/","og_site_name":"Miel et Apiculture du jura - Julien Compagnon","article_publisher":"https:\/\/www.facebook.com\/juliencompagnonapiculteur","article_modified_time":"2020-10-14T14:36:08+00:00","twitter_card":"summary_large_image","schema":{"@context":"https:\/\/schema.org","@graph":[{"@type":"WebPage","@id":"https:\/\/apiculture-jura-miel-compagnon.com\/index.php\/shop\/","url":"https:\/\/apiculture-jura-miel-compagnon.com\/index.php\/shop\/","name":"shop - Miel et Apiculture du jura - Julien Compagnon","isPartOf":{"@id":"https:\/\/apiculture-jura-miel-compagnon.com\/#website"},"datePublished":"2020-10-14T10:27:31+00:00","dateModified":"2020-10-14T14:36:08+00:00","description":"votre miel made in jura","breadcrumb":{"@id":"https:\/\/apiculture-jura-miel-compagnon.com\/index.php\/shop\/#breadcrumb"},"inLanguage":"fr-FR","potentialAction":[{"@type":"ReadAction","target":["https:\/\/apiculture-jura-miel-compagnon.com\/index.php\/shop\/"]}]},{"@type":"BreadcrumbList","@id":"https:\/\/apiculture-jura-miel-compagnon.com\/index.php\/shop\/#breadcrumb","itemListElement":[{"@type":"ListItem","position":1,"name":"Accueil","item":"https:\/\/apiculture-jura-miel-compagnon.com\/"},{"@type":"ListItem","position":2,"name":"shop"}]},{"@type":"WebSite","@id":"https:\/\/apiculture-jura-miel-compagnon.com\/#website","url":"https:\/\/apiculture-jura-miel-compagnon.com\/","name":"Miel et Apiculture du jura - Julien Compagnon","description":"Votre miel et apiculteur made in jura","publisher":{"@id":"https:\/\/apiculture-jura-miel-compagnon.com\/#organization"},"potentialAction":[{"@type":"SearchAction","target":{"@type":"EntryPoint","urlTemplate":"https:\/\/apiculture-jura-miel-compagnon.com\/?s={search_term_string}"},"query-input":"required name=search_term_string"}],"inLanguage":"fr-FR"},{"@type":"Organization","@id":"https:\/\/apiculture-jura-miel-compagnon.com\/#organization","name":"Jul'un compagnon des abeilles","url":"https:\/\/apiculture-jura-miel-compagnon.com\/","sameAs":["https:\/\/www.instagram.com\/juliencompagnonapiculteur\/","https:\/\/www.facebook.com\/juliencompagnonapiculteur"],"logo":{"@type":"ImageObject","inLanguage":"fr-FR","@id":"https:\/\/apiculture-jura-miel-compagnon.com\/#\/schema\/logo\/image\/","url":"https:\/\/apiculture-jura-miel-compagnon.com\/wp-content\/uploads\/2020\/08\/cropped-Mesa-de-trabajo-1@2x.png","contentUrl":"https:\/\/apiculture-jura-miel-compagnon.com\/wp-content\/uploads\/2020\/08\/cropped-Mesa-de-trabajo-1@2x.png","width":2049,"height":964,"caption":"Jul'un compagnon des abeilles"},"image":{"@id":"https:\/\/apiculture-jura-miel-compagnon.com\/#\/schema\/logo\/image\/"}}]}},"jetpack_sharing_enabled":true,"_links":{"self":[{"href":"https:\/\/apiculture-jura-miel-compagnon.com\/index.php\/wp-json\/wp\/v2\/pages\/19","targetHints":{"allow":["GET"]}}],"collection":[{"href":"https:\/\/apiculture-jura-miel-compagnon.com\/index.php\/wp-json\/wp\/v2\/pages"}],"about":[{"href":"https:\/\/apiculture-jura-miel-compagnon.com\/index.php\/wp-json\/wp\/v2\/types\/page"}],"author":[{"embeddable":true,"href":"https:\/\/apiculture-jura-miel-compagnon.com\/index.php\/wp-json\/wp\/v2\/users\/1"}],"replies":[{"embeddable":true,"href":"https:\/\/apiculture-jura-miel-compagnon.com\/index.php\/wp-json\/wp\/v2\/comments?post=19"}],"version-history":[{"count":12,"href":"https:\/\/apiculture-jura-miel-compagnon.com\/index.php\/wp-json\/wp\/v2\/pages\/19\/revisions"}],"predecessor-version":[{"id":471,"href":"https:\/\/apiculture-jura-miel-compagnon.com\/index.php\/wp-json\/wp\/v2\/pages\/19\/revisions\/471"}],"wp:attachment":[{"href":"https:\/\/apiculture-jura-miel-compagnon.com\/index.php\/wp-json\/wp\/v2\/media?parent=19"}],"curies":[{"name":"wp","href":"https:\/\/api.w.org\/{rel}","templated":true}]}}