{"id":670,"date":"2020-10-14T19:36:51","date_gmt":"2020-10-14T17:36:51","guid":{"rendered":"http:\/\/apiculture-jura-miel-compagnon.com\/?post_type=product&#038;p=670"},"modified":"2025-10-17T09:34:30","modified_gmt":"2025-10-17T07:34:30","slug":"miel-en-vrac-ou-en-fut","status":"publish","type":"product","link":"https:\/\/apiculture-jura-miel-compagnon.com\/index.php\/produit\/miel-en-vrac-ou-en-fut\/","title":{"rendered":"Miel en Vrac ou en F\u00fbt"},"content":{"rendered":"<p>Vente de miel en vrac (seau) ou en f\u00fbt alimentaire sans bisph\u00e9nol (300 KG) est \u00e9galement possible.<\/p>\n<p><strong>4 miels disponibles \u00e0 la vente :<\/strong><br \/>\n&#8211; miel de printemps<br \/>\n&#8211; miel de fleurs<br \/>\n&#8211; miel de for\u00eat<br \/>\n&#8211; miel de tilleul<br \/>\n&#8211; miel de montagne<\/p>\n<p>Pour conna\u00eetre les conditions tarifaires merci d&rsquo;envoyer un mail \u00e0 julien.compagnon39@gmail.com ou nous contacter au 0384488968.<\/p>\n<p>&nbsp;<\/p>\n","protected":false},"excerpt":{"rendered":"<p>Vente de miel en vrac (seau) ou en f\u00fbt alimentaire sans bisph\u00e9nol (300 KG) est \u00e9galement possible.<\/p>\n<p><strong>4 miels disponibles \u00e0 la vente :<\/strong><br \/>\n&#8211; miel de printemps<br \/>\n&#8211; miel de fleurs<br \/>\n&#8211; miel de for\u00eat<br \/>\n&#8211; miel de tilleul<br \/>\n&#8211; miel de montagne<\/p>\n<p>Pour conna\u00eetre les conditions tarifaires merci d&rsquo;envoyer un mail \u00e0 julien.compagnon39@gmail.com ou nous contacter au 0384488968.<\/p>\n<p>&nbsp;<\/p>\n","protected":false},"featured_media":672,"comment_status":"open","ping_status":"closed","template":"","meta":[],"product_brand":[],"product_cat":[21,25],"product_tag":[],"class_list":{"0":"post-670","1":"product","2":"type-product","3":"status-publish","4":"has-post-thumbnail","6":"product_cat-miels","7":"product_cat-miel-vrac-fut","9":"first","10":"instock","11":"taxable","12":"shipping-taxable","13":"purchasable","14":"product-type-simple"},"yoast_head":"<!-- This site is optimized with the Yoast SEO plugin v19.7.2 - https:\/\/yoast.com\/wordpress\/plugins\/seo\/ -->\n<title>Miel en Vrac ou en F\u00fbt - Miel et Apiculture du jura - Julien Compagnon<\/title>\n<meta name=\"robots\" content=\"index, follow, max-snippet:-1, max-image-preview:large, max-video-preview:-1\" \/>\n<link rel=\"canonical\" href=\"https:\/\/apiculture-jura-miel-compagnon.com\/index.php\/produit\/miel-en-vrac-ou-en-fut\/\" \/>\n<meta property=\"og:locale\" content=\"fr_FR\" \/>\n<meta property=\"og:type\" content=\"article\" \/>\n<meta property=\"og:title\" content=\"Miel en Vrac ou en F\u00fbt - Miel et Apiculture du jura - Julien Compagnon\" \/>\n<meta property=\"og:description\" content=\"Vente de miel en vrac (seau) ou en f\u00fbt alimentaire sans bisph\u00e9nol (300 KG) est \u00e9galement possible.  4 miels disponibles \u00e0 la vente : - miel de printemps - miel de fleurs - miel de for\u00eat - miel de tilleul - miel de montagne  Pour conna\u00eetre les conditions tarifaires merci d&#039;envoyer un mail \u00e0 julien.compagnon39@gmail.com ou nous contacter au 0384488968.  &nbsp;\" \/>\n<meta property=\"og:url\" content=\"https:\/\/apiculture-jura-miel-compagnon.com\/index.php\/produit\/miel-en-vrac-ou-en-fut\/\" \/>\n<meta property=\"og:site_name\" content=\"Miel et Apiculture du jura - Julien Compagnon\" \/>\n<meta property=\"article:publisher\" content=\"https:\/\/www.facebook.com\/juliencompagnonapiculteur\" \/>\n<meta property=\"article:modified_time\" content=\"2025-10-17T07:34:30+00:00\" \/>\n<meta property=\"og:image\" content=\"https:\/\/apiculture-jura-miel-compagnon.com\/wp-content\/uploads\/2020\/10\/MIEL-VRAC.jpg\" \/>\n\t<meta property=\"og:image:width\" content=\"2016\" \/>\n\t<meta property=\"og:image:height\" content=\"1512\" \/>\n\t<meta property=\"og:image:type\" content=\"image\/jpeg\" \/>\n<meta name=\"twitter:card\" content=\"summary_large_image\" \/>\n<script type=\"application\/ld+json\" class=\"yoast-schema-graph\">{\"@context\":\"https:\/\/schema.org\",\"@graph\":[{\"@type\":\"WebPage\",\"@id\":\"https:\/\/apiculture-jura-miel-compagnon.com\/index.php\/produit\/miel-en-vrac-ou-en-fut\/\",\"url\":\"https:\/\/apiculture-jura-miel-compagnon.com\/index.php\/produit\/miel-en-vrac-ou-en-fut\/\",\"name\":\"Miel en Vrac ou en F\u00fbt - Miel et Apiculture du jura - Julien Compagnon\",\"isPartOf\":{\"@id\":\"https:\/\/apiculture-jura-miel-compagnon.com\/#website\"},\"datePublished\":\"2020-10-14T17:36:51+00:00\",\"dateModified\":\"2025-10-17T07:34:30+00:00\",\"breadcrumb\":{\"@id\":\"https:\/\/apiculture-jura-miel-compagnon.com\/index.php\/produit\/miel-en-vrac-ou-en-fut\/#breadcrumb\"},\"inLanguage\":\"fr-FR\",\"potentialAction\":[{\"@type\":\"ReadAction\",\"target\":[\"https:\/\/apiculture-jura-miel-compagnon.com\/index.php\/produit\/miel-en-vrac-ou-en-fut\/\"]}]},{\"@type\":\"BreadcrumbList\",\"@id\":\"https:\/\/apiculture-jura-miel-compagnon.com\/index.php\/produit\/miel-en-vrac-ou-en-fut\/#breadcrumb\",\"itemListElement\":[{\"@type\":\"ListItem\",\"position\":1,\"name\":\"Accueil\",\"item\":\"https:\/\/apiculture-jura-miel-compagnon.com\/\"},{\"@type\":\"ListItem\",\"position\":2,\"name\":\"Boutique\",\"item\":\"https:\/\/apiculture-jura-miel-compagnon.com\/index.php\/boutique\/\"},{\"@type\":\"ListItem\",\"position\":3,\"name\":\"Miel en Vrac ou en F\u00fbt\"}]},{\"@type\":\"WebSite\",\"@id\":\"https:\/\/apiculture-jura-miel-compagnon.com\/#website\",\"url\":\"https:\/\/apiculture-jura-miel-compagnon.com\/\",\"name\":\"Miel et Apiculture du jura - Julien Compagnon\",\"description\":\"Votre miel et apiculteur made in jura\",\"publisher\":{\"@id\":\"https:\/\/apiculture-jura-miel-compagnon.com\/#organization\"},\"potentialAction\":[{\"@type\":\"SearchAction\",\"target\":{\"@type\":\"EntryPoint\",\"urlTemplate\":\"https:\/\/apiculture-jura-miel-compagnon.com\/?s={search_term_string}\"},\"query-input\":\"required name=search_term_string\"}],\"inLanguage\":\"fr-FR\"},{\"@type\":\"Organization\",\"@id\":\"https:\/\/apiculture-jura-miel-compagnon.com\/#organization\",\"name\":\"Jul'un compagnon des abeilles\",\"url\":\"https:\/\/apiculture-jura-miel-compagnon.com\/\",\"sameAs\":[\"https:\/\/www.instagram.com\/juliencompagnonapiculteur\/\",\"https:\/\/www.facebook.com\/juliencompagnonapiculteur\"],\"logo\":{\"@type\":\"ImageObject\",\"inLanguage\":\"fr-FR\",\"@id\":\"https:\/\/apiculture-jura-miel-compagnon.com\/#\/schema\/logo\/image\/\",\"url\":\"https:\/\/apiculture-jura-miel-compagnon.com\/wp-content\/uploads\/2020\/08\/cropped-Mesa-de-trabajo-1@2x.png\",\"contentUrl\":\"https:\/\/apiculture-jura-miel-compagnon.com\/wp-content\/uploads\/2020\/08\/cropped-Mesa-de-trabajo-1@2x.png\",\"width\":2049,\"height\":964,\"caption\":\"Jul'un compagnon des abeilles\"},\"image\":{\"@id\":\"https:\/\/apiculture-jura-miel-compagnon.com\/#\/schema\/logo\/image\/\"}}]}<\/script>\n<!-- \/ Yoast SEO plugin. -->","yoast_head_json":{"title":"Miel en Vrac ou en F\u00fbt - Miel et Apiculture du jura - Julien Compagnon","robots":{"index":"index","follow":"follow","max-snippet":"max-snippet:-1","max-image-preview":"max-image-preview:large","max-video-preview":"max-video-preview:-1"},"canonical":"https:\/\/apiculture-jura-miel-compagnon.com\/index.php\/produit\/miel-en-vrac-ou-en-fut\/","og_locale":"fr_FR","og_type":"article","og_title":"Miel en Vrac ou en F\u00fbt - Miel et Apiculture du jura - Julien Compagnon","og_description":"Vente de miel en vrac (seau) ou en f\u00fbt alimentaire sans bisph\u00e9nol (300 KG) est \u00e9galement possible.  4 miels disponibles \u00e0 la vente : - miel de printemps - miel de fleurs - miel de for\u00eat - miel de tilleul - miel de montagne  Pour conna\u00eetre les conditions tarifaires merci d'envoyer un mail \u00e0 julien.compagnon39@gmail.com ou nous contacter au 0384488968.  &nbsp;","og_url":"https:\/\/apiculture-jura-miel-compagnon.com\/index.php\/produit\/miel-en-vrac-ou-en-fut\/","og_site_name":"Miel et Apiculture du jura - Julien Compagnon","article_publisher":"https:\/\/www.facebook.com\/juliencompagnonapiculteur","article_modified_time":"2025-10-17T07:34:30+00:00","og_image":[{"width":2016,"height":1512,"url":"https:\/\/apiculture-jura-miel-compagnon.com\/wp-content\/uploads\/2020\/10\/MIEL-VRAC.jpg","type":"image\/jpeg"}],"twitter_card":"summary_large_image","schema":{"@context":"https:\/\/schema.org","@graph":[{"@type":"WebPage","@id":"https:\/\/apiculture-jura-miel-compagnon.com\/index.php\/produit\/miel-en-vrac-ou-en-fut\/","url":"https:\/\/apiculture-jura-miel-compagnon.com\/index.php\/produit\/miel-en-vrac-ou-en-fut\/","name":"Miel en Vrac ou en F\u00fbt - Miel et Apiculture du jura - Julien Compagnon","isPartOf":{"@id":"https:\/\/apiculture-jura-miel-compagnon.com\/#website"},"datePublished":"2020-10-14T17:36:51+00:00","dateModified":"2025-10-17T07:34:30+00:00","breadcrumb":{"@id":"https:\/\/apiculture-jura-miel-compagnon.com\/index.php\/produit\/miel-en-vrac-ou-en-fut\/#breadcrumb"},"inLanguage":"fr-FR","potentialAction":[{"@type":"ReadAction","target":["https:\/\/apiculture-jura-miel-compagnon.com\/index.php\/produit\/miel-en-vrac-ou-en-fut\/"]}]},{"@type":"BreadcrumbList","@id":"https:\/\/apiculture-jura-miel-compagnon.com\/index.php\/produit\/miel-en-vrac-ou-en-fut\/#breadcrumb","itemListElement":[{"@type":"ListItem","position":1,"name":"Accueil","item":"https:\/\/apiculture-jura-miel-compagnon.com\/"},{"@type":"ListItem","position":2,"name":"Boutique","item":"https:\/\/apiculture-jura-miel-compagnon.com\/index.php\/boutique\/"},{"@type":"ListItem","position":3,"name":"Miel en Vrac ou en F\u00fbt"}]},{"@type":"WebSite","@id":"https:\/\/apiculture-jura-miel-compagnon.com\/#website","url":"https:\/\/apiculture-jura-miel-compagnon.com\/","name":"Miel et Apiculture du jura - Julien Compagnon","description":"Votre miel et apiculteur made in jura","publisher":{"@id":"https:\/\/apiculture-jura-miel-compagnon.com\/#organization"},"potentialAction":[{"@type":"SearchAction","target":{"@type":"EntryPoint","urlTemplate":"https:\/\/apiculture-jura-miel-compagnon.com\/?s={search_term_string}"},"query-input":"required name=search_term_string"}],"inLanguage":"fr-FR"},{"@type":"Organization","@id":"https:\/\/apiculture-jura-miel-compagnon.com\/#organization","name":"Jul'un compagnon des abeilles","url":"https:\/\/apiculture-jura-miel-compagnon.com\/","sameAs":["https:\/\/www.instagram.com\/juliencompagnonapiculteur\/","https:\/\/www.facebook.com\/juliencompagnonapiculteur"],"logo":{"@type":"ImageObject","inLanguage":"fr-FR","@id":"https:\/\/apiculture-jura-miel-compagnon.com\/#\/schema\/logo\/image\/","url":"https:\/\/apiculture-jura-miel-compagnon.com\/wp-content\/uploads\/2020\/08\/cropped-Mesa-de-trabajo-1@2x.png","contentUrl":"https:\/\/apiculture-jura-miel-compagnon.com\/wp-content\/uploads\/2020\/08\/cropped-Mesa-de-trabajo-1@2x.png","width":2049,"height":964,"caption":"Jul'un compagnon des abeilles"},"image":{"@id":"https:\/\/apiculture-jura-miel-compagnon.com\/#\/schema\/logo\/image\/"}}]}},"jetpack_sharing_enabled":true,"_links":{"self":[{"href":"https:\/\/apiculture-jura-miel-compagnon.com\/index.php\/wp-json\/wp\/v2\/product\/670","targetHints":{"allow":["GET"]}}],"collection":[{"href":"https:\/\/apiculture-jura-miel-compagnon.com\/index.php\/wp-json\/wp\/v2\/product"}],"about":[{"href":"https:\/\/apiculture-jura-miel-compagnon.com\/index.php\/wp-json\/wp\/v2\/types\/product"}],"replies":[{"embeddable":true,"href":"https:\/\/apiculture-jura-miel-compagnon.com\/index.php\/wp-json\/wp\/v2\/comments?post=670"}],"version-history":[{"count":1,"href":"https:\/\/apiculture-jura-miel-compagnon.com\/index.php\/wp-json\/wp\/v2\/product\/670\/revisions"}],"predecessor-version":[{"id":671,"href":"https:\/\/apiculture-jura-miel-compagnon.com\/index.php\/wp-json\/wp\/v2\/product\/670\/revisions\/671"}],"wp:featuredmedia":[{"embeddable":true,"href":"https:\/\/apiculture-jura-miel-compagnon.com\/index.php\/wp-json\/wp\/v2\/media\/672"}],"wp:attachment":[{"href":"https:\/\/apiculture-jura-miel-compagnon.com\/index.php\/wp-json\/wp\/v2\/media?parent=670"}],"wp:term":[{"taxonomy":"product_brand","embeddable":true,"href":"https:\/\/apiculture-jura-miel-compagnon.com\/index.php\/wp-json\/wp\/v2\/product_brand?post=670"},{"taxonomy":"product_cat","embeddable":true,"href":"https:\/\/apiculture-jura-miel-compagnon.com\/index.php\/wp-json\/wp\/v2\/product_cat?post=670"},{"taxonomy":"product_tag","embeddable":true,"href":"https:\/\/apiculture-jura-miel-compagnon.com\/index.php\/wp-json\/wp\/v2\/product_tag?post=670"}],"curies":[{"name":"wp","href":"https:\/\/api.w.org\/{rel}","templated":true}]}}