{"id":697,"date":"2020-10-15T13:00:01","date_gmt":"2020-10-15T11:00:01","guid":{"rendered":"https:\/\/apiculture-jura-miel-compagnon.com\/?post_type=product&#038;p=697"},"modified":"2025-10-17T09:31:18","modified_gmt":"2025-10-17T07:31:18","slug":"reine-vierge","status":"publish","type":"product","link":"https:\/\/apiculture-jura-miel-compagnon.com\/index.php\/produit\/reine-vierge\/","title":{"rendered":"Reine Vierge"},"content":{"rendered":"<p>Reines vierges n\u00e9es en couveuse \u00e0 venir r\u00e9cup\u00e9rer sur place.<br \/>\nRace Buckfast, reine de s\u00e9lection uniquement.<\/p>\n<p>Merci de pr\u00e9ciser en commentaire la date souhait\u00e9e d&rsquo;acquisition. Nous vous r\u00e9pondrons favorablement ou non suivant nos disponibilit\u00e9s.<\/p>\n<p>F1 uniquement.<\/p>\n","protected":false},"excerpt":{"rendered":"<p>Reines vierges n\u00e9es en couveuse \u00e0 venir r\u00e9cup\u00e9rer sur place.<br \/>\nRace Buckfast, reine de s\u00e9lection uniquement.<\/p>\n<p>Merci de pr\u00e9ciser en commentaire la date souhait\u00e9e d&rsquo;acquisition. Nous vous r\u00e9pondrons favorablement ou non suivant nos disponibilit\u00e9s.<\/p>\n<p>F1 uniquement.<\/p>\n","protected":false},"featured_media":64,"comment_status":"open","ping_status":"closed","template":"","meta":[],"product_brand":[],"product_cat":[26],"product_tag":[],"class_list":{"0":"post-697","1":"product","2":"type-product","3":"status-publish","4":"has-post-thumbnail","6":"product_cat-essaims-reines","8":"first","9":"instock","10":"virtual","11":"taxable","12":"purchasable","13":"product-type-simple"},"yoast_head":"<!-- This site is optimized with the Yoast SEO plugin v19.7.2 - https:\/\/yoast.com\/wordpress\/plugins\/seo\/ -->\n<title>Reine Vierge - Miel et Apiculture du jura - Julien Compagnon<\/title>\n<meta name=\"robots\" content=\"index, follow, max-snippet:-1, max-image-preview:large, max-video-preview:-1\" \/>\n<link rel=\"canonical\" href=\"https:\/\/apiculture-jura-miel-compagnon.com\/index.php\/produit\/reine-vierge\/\" \/>\n<meta property=\"og:locale\" content=\"fr_FR\" \/>\n<meta property=\"og:type\" content=\"article\" \/>\n<meta property=\"og:title\" content=\"Reine Vierge - Miel et Apiculture du jura - Julien Compagnon\" \/>\n<meta property=\"og:description\" content=\"Reines vierges n\u00e9es en couveuse \u00e0 venir r\u00e9cup\u00e9rer sur place. Race Buckfast, reine de s\u00e9lection uniquement.  Merci de pr\u00e9ciser en commentaire la date souhait\u00e9e d&#039;acquisition. Nous vous r\u00e9pondrons favorablement ou non suivant nos disponibilit\u00e9s.  F1 uniquement.\" \/>\n<meta property=\"og:url\" content=\"https:\/\/apiculture-jura-miel-compagnon.com\/index.php\/produit\/reine-vierge\/\" \/>\n<meta property=\"og:site_name\" content=\"Miel et Apiculture du jura - Julien Compagnon\" \/>\n<meta property=\"article:publisher\" content=\"https:\/\/www.facebook.com\/juliencompagnonapiculteur\" \/>\n<meta property=\"article:modified_time\" content=\"2025-10-17T07:31:18+00:00\" \/>\n<meta property=\"og:image\" content=\"https:\/\/apiculture-jura-miel-compagnon.com\/wp-content\/uploads\/2020\/08\/32c16cbd-ca98-4f89-9c90-36a8c622fb04.jpeg\" \/>\n\t<meta property=\"og:image:width\" content=\"1200\" \/>\n\t<meta property=\"og:image:height\" content=\"1600\" \/>\n\t<meta property=\"og:image:type\" content=\"image\/jpeg\" \/>\n<meta name=\"twitter:card\" content=\"summary_large_image\" \/>\n<script type=\"application\/ld+json\" class=\"yoast-schema-graph\">{\"@context\":\"https:\/\/schema.org\",\"@graph\":[{\"@type\":\"WebPage\",\"@id\":\"https:\/\/apiculture-jura-miel-compagnon.com\/index.php\/produit\/reine-vierge\/\",\"url\":\"https:\/\/apiculture-jura-miel-compagnon.com\/index.php\/produit\/reine-vierge\/\",\"name\":\"Reine Vierge - Miel et Apiculture du jura - Julien Compagnon\",\"isPartOf\":{\"@id\":\"https:\/\/apiculture-jura-miel-compagnon.com\/#website\"},\"datePublished\":\"2020-10-15T11:00:01+00:00\",\"dateModified\":\"2025-10-17T07:31:18+00:00\",\"breadcrumb\":{\"@id\":\"https:\/\/apiculture-jura-miel-compagnon.com\/index.php\/produit\/reine-vierge\/#breadcrumb\"},\"inLanguage\":\"fr-FR\",\"potentialAction\":[{\"@type\":\"ReadAction\",\"target\":[\"https:\/\/apiculture-jura-miel-compagnon.com\/index.php\/produit\/reine-vierge\/\"]}]},{\"@type\":\"BreadcrumbList\",\"@id\":\"https:\/\/apiculture-jura-miel-compagnon.com\/index.php\/produit\/reine-vierge\/#breadcrumb\",\"itemListElement\":[{\"@type\":\"ListItem\",\"position\":1,\"name\":\"Accueil\",\"item\":\"https:\/\/apiculture-jura-miel-compagnon.com\/\"},{\"@type\":\"ListItem\",\"position\":2,\"name\":\"Boutique\",\"item\":\"https:\/\/apiculture-jura-miel-compagnon.com\/index.php\/boutique\/\"},{\"@type\":\"ListItem\",\"position\":3,\"name\":\"Reine Vierge\"}]},{\"@type\":\"WebSite\",\"@id\":\"https:\/\/apiculture-jura-miel-compagnon.com\/#website\",\"url\":\"https:\/\/apiculture-jura-miel-compagnon.com\/\",\"name\":\"Miel et Apiculture du jura - Julien Compagnon\",\"description\":\"Votre miel et apiculteur made in jura\",\"publisher\":{\"@id\":\"https:\/\/apiculture-jura-miel-compagnon.com\/#organization\"},\"potentialAction\":[{\"@type\":\"SearchAction\",\"target\":{\"@type\":\"EntryPoint\",\"urlTemplate\":\"https:\/\/apiculture-jura-miel-compagnon.com\/?s={search_term_string}\"},\"query-input\":\"required name=search_term_string\"}],\"inLanguage\":\"fr-FR\"},{\"@type\":\"Organization\",\"@id\":\"https:\/\/apiculture-jura-miel-compagnon.com\/#organization\",\"name\":\"Jul'un compagnon des abeilles\",\"url\":\"https:\/\/apiculture-jura-miel-compagnon.com\/\",\"sameAs\":[\"https:\/\/www.instagram.com\/juliencompagnonapiculteur\/\",\"https:\/\/www.facebook.com\/juliencompagnonapiculteur\"],\"logo\":{\"@type\":\"ImageObject\",\"inLanguage\":\"fr-FR\",\"@id\":\"https:\/\/apiculture-jura-miel-compagnon.com\/#\/schema\/logo\/image\/\",\"url\":\"https:\/\/apiculture-jura-miel-compagnon.com\/wp-content\/uploads\/2020\/08\/cropped-Mesa-de-trabajo-1@2x.png\",\"contentUrl\":\"https:\/\/apiculture-jura-miel-compagnon.com\/wp-content\/uploads\/2020\/08\/cropped-Mesa-de-trabajo-1@2x.png\",\"width\":2049,\"height\":964,\"caption\":\"Jul'un compagnon des abeilles\"},\"image\":{\"@id\":\"https:\/\/apiculture-jura-miel-compagnon.com\/#\/schema\/logo\/image\/\"}}]}<\/script>\n<!-- \/ Yoast SEO plugin. -->","yoast_head_json":{"title":"Reine Vierge - Miel et Apiculture du jura - Julien Compagnon","robots":{"index":"index","follow":"follow","max-snippet":"max-snippet:-1","max-image-preview":"max-image-preview:large","max-video-preview":"max-video-preview:-1"},"canonical":"https:\/\/apiculture-jura-miel-compagnon.com\/index.php\/produit\/reine-vierge\/","og_locale":"fr_FR","og_type":"article","og_title":"Reine Vierge - Miel et Apiculture du jura - Julien Compagnon","og_description":"Reines vierges n\u00e9es en couveuse \u00e0 venir r\u00e9cup\u00e9rer sur place. Race Buckfast, reine de s\u00e9lection uniquement.  Merci de pr\u00e9ciser en commentaire la date souhait\u00e9e d'acquisition. Nous vous r\u00e9pondrons favorablement ou non suivant nos disponibilit\u00e9s.  F1 uniquement.","og_url":"https:\/\/apiculture-jura-miel-compagnon.com\/index.php\/produit\/reine-vierge\/","og_site_name":"Miel et Apiculture du jura - Julien Compagnon","article_publisher":"https:\/\/www.facebook.com\/juliencompagnonapiculteur","article_modified_time":"2025-10-17T07:31:18+00:00","og_image":[{"width":1200,"height":1600,"url":"https:\/\/apiculture-jura-miel-compagnon.com\/wp-content\/uploads\/2020\/08\/32c16cbd-ca98-4f89-9c90-36a8c622fb04.jpeg","type":"image\/jpeg"}],"twitter_card":"summary_large_image","schema":{"@context":"https:\/\/schema.org","@graph":[{"@type":"WebPage","@id":"https:\/\/apiculture-jura-miel-compagnon.com\/index.php\/produit\/reine-vierge\/","url":"https:\/\/apiculture-jura-miel-compagnon.com\/index.php\/produit\/reine-vierge\/","name":"Reine Vierge - Miel et Apiculture du jura - Julien Compagnon","isPartOf":{"@id":"https:\/\/apiculture-jura-miel-compagnon.com\/#website"},"datePublished":"2020-10-15T11:00:01+00:00","dateModified":"2025-10-17T07:31:18+00:00","breadcrumb":{"@id":"https:\/\/apiculture-jura-miel-compagnon.com\/index.php\/produit\/reine-vierge\/#breadcrumb"},"inLanguage":"fr-FR","potentialAction":[{"@type":"ReadAction","target":["https:\/\/apiculture-jura-miel-compagnon.com\/index.php\/produit\/reine-vierge\/"]}]},{"@type":"BreadcrumbList","@id":"https:\/\/apiculture-jura-miel-compagnon.com\/index.php\/produit\/reine-vierge\/#breadcrumb","itemListElement":[{"@type":"ListItem","position":1,"name":"Accueil","item":"https:\/\/apiculture-jura-miel-compagnon.com\/"},{"@type":"ListItem","position":2,"name":"Boutique","item":"https:\/\/apiculture-jura-miel-compagnon.com\/index.php\/boutique\/"},{"@type":"ListItem","position":3,"name":"Reine Vierge"}]},{"@type":"WebSite","@id":"https:\/\/apiculture-jura-miel-compagnon.com\/#website","url":"https:\/\/apiculture-jura-miel-compagnon.com\/","name":"Miel et Apiculture du jura - Julien Compagnon","description":"Votre miel et apiculteur made in jura","publisher":{"@id":"https:\/\/apiculture-jura-miel-compagnon.com\/#organization"},"potentialAction":[{"@type":"SearchAction","target":{"@type":"EntryPoint","urlTemplate":"https:\/\/apiculture-jura-miel-compagnon.com\/?s={search_term_string}"},"query-input":"required name=search_term_string"}],"inLanguage":"fr-FR"},{"@type":"Organization","@id":"https:\/\/apiculture-jura-miel-compagnon.com\/#organization","name":"Jul'un compagnon des abeilles","url":"https:\/\/apiculture-jura-miel-compagnon.com\/","sameAs":["https:\/\/www.instagram.com\/juliencompagnonapiculteur\/","https:\/\/www.facebook.com\/juliencompagnonapiculteur"],"logo":{"@type":"ImageObject","inLanguage":"fr-FR","@id":"https:\/\/apiculture-jura-miel-compagnon.com\/#\/schema\/logo\/image\/","url":"https:\/\/apiculture-jura-miel-compagnon.com\/wp-content\/uploads\/2020\/08\/cropped-Mesa-de-trabajo-1@2x.png","contentUrl":"https:\/\/apiculture-jura-miel-compagnon.com\/wp-content\/uploads\/2020\/08\/cropped-Mesa-de-trabajo-1@2x.png","width":2049,"height":964,"caption":"Jul'un compagnon des abeilles"},"image":{"@id":"https:\/\/apiculture-jura-miel-compagnon.com\/#\/schema\/logo\/image\/"}}]}},"jetpack_sharing_enabled":true,"_links":{"self":[{"href":"https:\/\/apiculture-jura-miel-compagnon.com\/index.php\/wp-json\/wp\/v2\/product\/697","targetHints":{"allow":["GET"]}}],"collection":[{"href":"https:\/\/apiculture-jura-miel-compagnon.com\/index.php\/wp-json\/wp\/v2\/product"}],"about":[{"href":"https:\/\/apiculture-jura-miel-compagnon.com\/index.php\/wp-json\/wp\/v2\/types\/product"}],"replies":[{"embeddable":true,"href":"https:\/\/apiculture-jura-miel-compagnon.com\/index.php\/wp-json\/wp\/v2\/comments?post=697"}],"version-history":[{"count":2,"href":"https:\/\/apiculture-jura-miel-compagnon.com\/index.php\/wp-json\/wp\/v2\/product\/697\/revisions"}],"predecessor-version":[{"id":701,"href":"https:\/\/apiculture-jura-miel-compagnon.com\/index.php\/wp-json\/wp\/v2\/product\/697\/revisions\/701"}],"wp:featuredmedia":[{"embeddable":true,"href":"https:\/\/apiculture-jura-miel-compagnon.com\/index.php\/wp-json\/wp\/v2\/media\/64"}],"wp:attachment":[{"href":"https:\/\/apiculture-jura-miel-compagnon.com\/index.php\/wp-json\/wp\/v2\/media?parent=697"}],"wp:term":[{"taxonomy":"product_brand","embeddable":true,"href":"https:\/\/apiculture-jura-miel-compagnon.com\/index.php\/wp-json\/wp\/v2\/product_brand?post=697"},{"taxonomy":"product_cat","embeddable":true,"href":"https:\/\/apiculture-jura-miel-compagnon.com\/index.php\/wp-json\/wp\/v2\/product_cat?post=697"},{"taxonomy":"product_tag","embeddable":true,"href":"https:\/\/apiculture-jura-miel-compagnon.com\/index.php\/wp-json\/wp\/v2\/product_tag?post=697"}],"curies":[{"name":"wp","href":"https:\/\/api.w.org\/{rel}","templated":true}]}}