{"id":710,"date":"2020-10-15T14:03:47","date_gmt":"2020-10-15T12:03:47","guid":{"rendered":"https:\/\/apiculture-jura-miel-compagnon.com\/?post_type=product&#038;p=710"},"modified":"2025-10-17T09:30:41","modified_gmt":"2025-10-17T07:30:41","slug":"shampoing-solide-a-la-cire-dabeilles-2-parfums","status":"publish","type":"product","link":"https:\/\/apiculture-jura-miel-compagnon.com\/index.php\/produit\/shampoing-solide-a-la-cire-dabeilles-2-parfums\/","title":{"rendered":"Shampoing solide \u00e0 la cire d&rsquo;abeilles &#8211; 2 parfums"},"content":{"rendered":"<p><strong>Shampoing solide 85 Gr<\/strong><\/p>\n<p>2 parfums diff\u00e9rents :<\/p>\n<p>RICIN<br \/>\nRICIN + TEE TREA<\/p>\n<p>Fabrique \u00e0 fa\u00e7on par la savonnerie artisanale du JURA \u00e0 partir de notre cire d&rsquo;abeilles.<\/p>\n<p>INCI : Helianthus annuus seed oil, Cocos nucifera oil, aqua, sodium hydroxide, ricinus communis seed oil, cera alba, , melaleuca alternifolia leaf oil.<\/p>\n","protected":false},"excerpt":{"rendered":"<p><strong>Shampoing solide 85 Gr<\/strong><\/p>\n<p>2 parfums diff\u00e9rents :<\/p>\n<p>RICIN<br \/>\nRICIN + TEE TREA<\/p>\n<p>Fabrique \u00e0 fa\u00e7on par la savonnerie artisanale du JURA \u00e0 partir de notre cire d&rsquo;abeilles.<\/p>\n<p>INCI : Helianthus annuus seed oil, Cocos nucifera oil, aqua, sodium hydroxide, ricinus communis seed oil, cera alba, , melaleuca alternifolia leaf oil.<\/p>\n","protected":false},"featured_media":780,"comment_status":"open","ping_status":"closed","template":"","meta":[],"product_brand":[],"product_cat":[23],"product_tag":[],"class_list":{"0":"post-710","1":"product","2":"type-product","3":"status-publish","4":"has-post-thumbnail","6":"product_cat-cosmetiques","8":"first","9":"instock","10":"taxable","11":"shipping-taxable","12":"purchasable","13":"product-type-variable"},"yoast_head":"<!-- This site is optimized with the Yoast SEO plugin v19.7.2 - https:\/\/yoast.com\/wordpress\/plugins\/seo\/ -->\n<title>Shampoing solide \u00e0 la cire d&#039;abeilles - 2 parfums - Miel et Apiculture du jura - Julien Compagnon<\/title>\n<meta name=\"robots\" content=\"index, follow, max-snippet:-1, max-image-preview:large, max-video-preview:-1\" \/>\n<link rel=\"canonical\" href=\"https:\/\/apiculture-jura-miel-compagnon.com\/index.php\/produit\/shampoing-solide-a-la-cire-dabeilles-2-parfums\/\" \/>\n<meta property=\"og:locale\" content=\"fr_FR\" \/>\n<meta property=\"og:type\" content=\"article\" \/>\n<meta property=\"og:title\" content=\"Shampoing solide \u00e0 la cire d&#039;abeilles - 2 parfums - Miel et Apiculture du jura - Julien Compagnon\" \/>\n<meta property=\"og:description\" content=\"Shampoing solide 85 Gr  2 parfums diff\u00e9rents :  RICIN RICIN + TEE TREA  Fabrique \u00e0 fa\u00e7on par la savonnerie artisanale du JURA \u00e0 partir de notre cire d&#039;abeilles.  INCI : Helianthus annuus seed oil, Cocos nucifera oil, aqua, sodium hydroxide, ricinus communis seed oil, cera alba, , melaleuca alternifolia leaf oil.\" \/>\n<meta property=\"og:url\" content=\"https:\/\/apiculture-jura-miel-compagnon.com\/index.php\/produit\/shampoing-solide-a-la-cire-dabeilles-2-parfums\/\" \/>\n<meta property=\"og:site_name\" content=\"Miel et Apiculture du jura - Julien Compagnon\" \/>\n<meta property=\"article:publisher\" content=\"https:\/\/www.facebook.com\/juliencompagnonapiculteur\" \/>\n<meta property=\"article:modified_time\" content=\"2025-10-17T07:30:41+00:00\" \/>\n<meta property=\"og:image\" content=\"https:\/\/apiculture-jura-miel-compagnon.com\/wp-content\/uploads\/2020\/10\/PHOTO-2020-10-15-13-49-25-removebg-preview.png\" \/>\n\t<meta property=\"og:image:width\" content=\"375\" \/>\n\t<meta property=\"og:image:height\" content=\"666\" \/>\n\t<meta property=\"og:image:type\" content=\"image\/png\" \/>\n<meta name=\"twitter:card\" content=\"summary_large_image\" \/>\n<script type=\"application\/ld+json\" class=\"yoast-schema-graph\">{\"@context\":\"https:\/\/schema.org\",\"@graph\":[{\"@type\":\"WebPage\",\"@id\":\"https:\/\/apiculture-jura-miel-compagnon.com\/index.php\/produit\/shampoing-solide-a-la-cire-dabeilles-2-parfums\/\",\"url\":\"https:\/\/apiculture-jura-miel-compagnon.com\/index.php\/produit\/shampoing-solide-a-la-cire-dabeilles-2-parfums\/\",\"name\":\"Shampoing solide \u00e0 la cire d'abeilles - 2 parfums - Miel et Apiculture du jura - Julien Compagnon\",\"isPartOf\":{\"@id\":\"https:\/\/apiculture-jura-miel-compagnon.com\/#website\"},\"datePublished\":\"2020-10-15T12:03:47+00:00\",\"dateModified\":\"2025-10-17T07:30:41+00:00\",\"breadcrumb\":{\"@id\":\"https:\/\/apiculture-jura-miel-compagnon.com\/index.php\/produit\/shampoing-solide-a-la-cire-dabeilles-2-parfums\/#breadcrumb\"},\"inLanguage\":\"fr-FR\",\"potentialAction\":[{\"@type\":\"ReadAction\",\"target\":[\"https:\/\/apiculture-jura-miel-compagnon.com\/index.php\/produit\/shampoing-solide-a-la-cire-dabeilles-2-parfums\/\"]}]},{\"@type\":\"BreadcrumbList\",\"@id\":\"https:\/\/apiculture-jura-miel-compagnon.com\/index.php\/produit\/shampoing-solide-a-la-cire-dabeilles-2-parfums\/#breadcrumb\",\"itemListElement\":[{\"@type\":\"ListItem\",\"position\":1,\"name\":\"Accueil\",\"item\":\"https:\/\/apiculture-jura-miel-compagnon.com\/\"},{\"@type\":\"ListItem\",\"position\":2,\"name\":\"Boutique\",\"item\":\"https:\/\/apiculture-jura-miel-compagnon.com\/index.php\/boutique\/\"},{\"@type\":\"ListItem\",\"position\":3,\"name\":\"Shampoing solide \u00e0 la cire d&rsquo;abeilles &#8211; 2 parfums\"}]},{\"@type\":\"WebSite\",\"@id\":\"https:\/\/apiculture-jura-miel-compagnon.com\/#website\",\"url\":\"https:\/\/apiculture-jura-miel-compagnon.com\/\",\"name\":\"Miel et Apiculture du jura - Julien Compagnon\",\"description\":\"Votre miel et apiculteur made in jura\",\"publisher\":{\"@id\":\"https:\/\/apiculture-jura-miel-compagnon.com\/#organization\"},\"potentialAction\":[{\"@type\":\"SearchAction\",\"target\":{\"@type\":\"EntryPoint\",\"urlTemplate\":\"https:\/\/apiculture-jura-miel-compagnon.com\/?s={search_term_string}\"},\"query-input\":\"required name=search_term_string\"}],\"inLanguage\":\"fr-FR\"},{\"@type\":\"Organization\",\"@id\":\"https:\/\/apiculture-jura-miel-compagnon.com\/#organization\",\"name\":\"Jul'un compagnon des abeilles\",\"url\":\"https:\/\/apiculture-jura-miel-compagnon.com\/\",\"sameAs\":[\"https:\/\/www.instagram.com\/juliencompagnonapiculteur\/\",\"https:\/\/www.facebook.com\/juliencompagnonapiculteur\"],\"logo\":{\"@type\":\"ImageObject\",\"inLanguage\":\"fr-FR\",\"@id\":\"https:\/\/apiculture-jura-miel-compagnon.com\/#\/schema\/logo\/image\/\",\"url\":\"https:\/\/apiculture-jura-miel-compagnon.com\/wp-content\/uploads\/2020\/08\/cropped-Mesa-de-trabajo-1@2x.png\",\"contentUrl\":\"https:\/\/apiculture-jura-miel-compagnon.com\/wp-content\/uploads\/2020\/08\/cropped-Mesa-de-trabajo-1@2x.png\",\"width\":2049,\"height\":964,\"caption\":\"Jul'un compagnon des abeilles\"},\"image\":{\"@id\":\"https:\/\/apiculture-jura-miel-compagnon.com\/#\/schema\/logo\/image\/\"}}]}<\/script>\n<!-- \/ Yoast SEO plugin. -->","yoast_head_json":{"title":"Shampoing solide \u00e0 la cire d'abeilles - 2 parfums - Miel et Apiculture du jura - Julien Compagnon","robots":{"index":"index","follow":"follow","max-snippet":"max-snippet:-1","max-image-preview":"max-image-preview:large","max-video-preview":"max-video-preview:-1"},"canonical":"https:\/\/apiculture-jura-miel-compagnon.com\/index.php\/produit\/shampoing-solide-a-la-cire-dabeilles-2-parfums\/","og_locale":"fr_FR","og_type":"article","og_title":"Shampoing solide \u00e0 la cire d'abeilles - 2 parfums - Miel et Apiculture du jura - Julien Compagnon","og_description":"Shampoing solide 85 Gr  2 parfums diff\u00e9rents :  RICIN RICIN + TEE TREA  Fabrique \u00e0 fa\u00e7on par la savonnerie artisanale du JURA \u00e0 partir de notre cire d'abeilles.  INCI : Helianthus annuus seed oil, Cocos nucifera oil, aqua, sodium hydroxide, ricinus communis seed oil, cera alba, , melaleuca alternifolia leaf oil.","og_url":"https:\/\/apiculture-jura-miel-compagnon.com\/index.php\/produit\/shampoing-solide-a-la-cire-dabeilles-2-parfums\/","og_site_name":"Miel et Apiculture du jura - Julien Compagnon","article_publisher":"https:\/\/www.facebook.com\/juliencompagnonapiculteur","article_modified_time":"2025-10-17T07:30:41+00:00","og_image":[{"width":375,"height":666,"url":"https:\/\/apiculture-jura-miel-compagnon.com\/wp-content\/uploads\/2020\/10\/PHOTO-2020-10-15-13-49-25-removebg-preview.png","type":"image\/png"}],"twitter_card":"summary_large_image","schema":{"@context":"https:\/\/schema.org","@graph":[{"@type":"WebPage","@id":"https:\/\/apiculture-jura-miel-compagnon.com\/index.php\/produit\/shampoing-solide-a-la-cire-dabeilles-2-parfums\/","url":"https:\/\/apiculture-jura-miel-compagnon.com\/index.php\/produit\/shampoing-solide-a-la-cire-dabeilles-2-parfums\/","name":"Shampoing solide \u00e0 la cire d'abeilles - 2 parfums - Miel et Apiculture du jura - Julien Compagnon","isPartOf":{"@id":"https:\/\/apiculture-jura-miel-compagnon.com\/#website"},"datePublished":"2020-10-15T12:03:47+00:00","dateModified":"2025-10-17T07:30:41+00:00","breadcrumb":{"@id":"https:\/\/apiculture-jura-miel-compagnon.com\/index.php\/produit\/shampoing-solide-a-la-cire-dabeilles-2-parfums\/#breadcrumb"},"inLanguage":"fr-FR","potentialAction":[{"@type":"ReadAction","target":["https:\/\/apiculture-jura-miel-compagnon.com\/index.php\/produit\/shampoing-solide-a-la-cire-dabeilles-2-parfums\/"]}]},{"@type":"BreadcrumbList","@id":"https:\/\/apiculture-jura-miel-compagnon.com\/index.php\/produit\/shampoing-solide-a-la-cire-dabeilles-2-parfums\/#breadcrumb","itemListElement":[{"@type":"ListItem","position":1,"name":"Accueil","item":"https:\/\/apiculture-jura-miel-compagnon.com\/"},{"@type":"ListItem","position":2,"name":"Boutique","item":"https:\/\/apiculture-jura-miel-compagnon.com\/index.php\/boutique\/"},{"@type":"ListItem","position":3,"name":"Shampoing solide \u00e0 la cire d&rsquo;abeilles &#8211; 2 parfums"}]},{"@type":"WebSite","@id":"https:\/\/apiculture-jura-miel-compagnon.com\/#website","url":"https:\/\/apiculture-jura-miel-compagnon.com\/","name":"Miel et Apiculture du jura - Julien Compagnon","description":"Votre miel et apiculteur made in jura","publisher":{"@id":"https:\/\/apiculture-jura-miel-compagnon.com\/#organization"},"potentialAction":[{"@type":"SearchAction","target":{"@type":"EntryPoint","urlTemplate":"https:\/\/apiculture-jura-miel-compagnon.com\/?s={search_term_string}"},"query-input":"required name=search_term_string"}],"inLanguage":"fr-FR"},{"@type":"Organization","@id":"https:\/\/apiculture-jura-miel-compagnon.com\/#organization","name":"Jul'un compagnon des abeilles","url":"https:\/\/apiculture-jura-miel-compagnon.com\/","sameAs":["https:\/\/www.instagram.com\/juliencompagnonapiculteur\/","https:\/\/www.facebook.com\/juliencompagnonapiculteur"],"logo":{"@type":"ImageObject","inLanguage":"fr-FR","@id":"https:\/\/apiculture-jura-miel-compagnon.com\/#\/schema\/logo\/image\/","url":"https:\/\/apiculture-jura-miel-compagnon.com\/wp-content\/uploads\/2020\/08\/cropped-Mesa-de-trabajo-1@2x.png","contentUrl":"https:\/\/apiculture-jura-miel-compagnon.com\/wp-content\/uploads\/2020\/08\/cropped-Mesa-de-trabajo-1@2x.png","width":2049,"height":964,"caption":"Jul'un compagnon des abeilles"},"image":{"@id":"https:\/\/apiculture-jura-miel-compagnon.com\/#\/schema\/logo\/image\/"}}]}},"jetpack_sharing_enabled":true,"_links":{"self":[{"href":"https:\/\/apiculture-jura-miel-compagnon.com\/index.php\/wp-json\/wp\/v2\/product\/710","targetHints":{"allow":["GET"]}}],"collection":[{"href":"https:\/\/apiculture-jura-miel-compagnon.com\/index.php\/wp-json\/wp\/v2\/product"}],"about":[{"href":"https:\/\/apiculture-jura-miel-compagnon.com\/index.php\/wp-json\/wp\/v2\/types\/product"}],"replies":[{"embeddable":true,"href":"https:\/\/apiculture-jura-miel-compagnon.com\/index.php\/wp-json\/wp\/v2\/comments?post=710"}],"version-history":[{"count":2,"href":"https:\/\/apiculture-jura-miel-compagnon.com\/index.php\/wp-json\/wp\/v2\/product\/710\/revisions"}],"predecessor-version":[{"id":717,"href":"https:\/\/apiculture-jura-miel-compagnon.com\/index.php\/wp-json\/wp\/v2\/product\/710\/revisions\/717"}],"wp:featuredmedia":[{"embeddable":true,"href":"https:\/\/apiculture-jura-miel-compagnon.com\/index.php\/wp-json\/wp\/v2\/media\/780"}],"wp:attachment":[{"href":"https:\/\/apiculture-jura-miel-compagnon.com\/index.php\/wp-json\/wp\/v2\/media?parent=710"}],"wp:term":[{"taxonomy":"product_brand","embeddable":true,"href":"https:\/\/apiculture-jura-miel-compagnon.com\/index.php\/wp-json\/wp\/v2\/product_brand?post=710"},{"taxonomy":"product_cat","embeddable":true,"href":"https:\/\/apiculture-jura-miel-compagnon.com\/index.php\/wp-json\/wp\/v2\/product_cat?post=710"},{"taxonomy":"product_tag","embeddable":true,"href":"https:\/\/apiculture-jura-miel-compagnon.com\/index.php\/wp-json\/wp\/v2\/product_tag?post=710"}],"curies":[{"name":"wp","href":"https:\/\/api.w.org\/{rel}","templated":true}]}}