{"id":865,"date":"2020-10-20T14:47:49","date_gmt":"2020-10-20T12:47:49","guid":{"rendered":"https:\/\/apiculture-jura-miel-compagnon.com\/?post_type=product&#038;p=865"},"modified":"2025-10-17T09:29:26","modified_gmt":"2025-10-17T07:29:26","slug":"gelee-royale-10-gr","status":"publish","type":"product","link":"https:\/\/apiculture-jura-miel-compagnon.com\/index.php\/produit\/gelee-royale-10-gr\/","title":{"rendered":"Gel\u00e9e Royale 10 Gr"},"content":{"rendered":"<p>Gel\u00e9e Royale pot 10 Gr. Cure d&rsquo;environ 3 semaines \u00e0 conserver au frais.<\/p>\n<p>Fabriqu\u00e9 par M. Cah\u00e9.<\/p>\n","protected":false},"excerpt":{"rendered":"<p>Gel\u00e9e Royale pot 10 Gr. Cure d&rsquo;environ 3 semaines \u00e0 conserver au frais.<\/p>\n","protected":false},"featured_media":907,"comment_status":"open","ping_status":"closed","template":"","meta":[],"product_brand":[],"product_cat":[24,21],"product_tag":[],"class_list":{"0":"post-865","1":"product","2":"type-product","3":"status-publish","4":"has-post-thumbnail","6":"product_cat-gourmandises","7":"product_cat-miels","9":"first","10":"instock","11":"taxable","12":"shipping-taxable","13":"purchasable","14":"product-type-simple"},"yoast_head":"<!-- This site is optimized with the Yoast SEO plugin v19.7.2 - https:\/\/yoast.com\/wordpress\/plugins\/seo\/ -->\n<title>Gel\u00e9e Royale 10 Gr - Miel et Apiculture du jura - Julien Compagnon<\/title>\n<meta name=\"robots\" content=\"index, follow, max-snippet:-1, max-image-preview:large, max-video-preview:-1\" \/>\n<link rel=\"canonical\" href=\"https:\/\/apiculture-jura-miel-compagnon.com\/index.php\/produit\/gelee-royale-10-gr\/\" \/>\n<meta property=\"og:locale\" content=\"fr_FR\" \/>\n<meta property=\"og:type\" content=\"article\" \/>\n<meta property=\"og:title\" content=\"Gel\u00e9e Royale 10 Gr - Miel et Apiculture du jura - Julien Compagnon\" \/>\n<meta property=\"og:description\" content=\"Gel\u00e9e Royale pot 10 Gr. Cure d&#039;environ 3 semaines \u00e0 conserver au frais.\" \/>\n<meta property=\"og:url\" content=\"https:\/\/apiculture-jura-miel-compagnon.com\/index.php\/produit\/gelee-royale-10-gr\/\" \/>\n<meta property=\"og:site_name\" content=\"Miel et Apiculture du jura - Julien Compagnon\" \/>\n<meta property=\"article:publisher\" content=\"https:\/\/www.facebook.com\/juliencompagnonapiculteur\" \/>\n<meta property=\"article:modified_time\" content=\"2025-10-17T07:29:26+00:00\" \/>\n<meta property=\"og:image\" content=\"https:\/\/apiculture-jura-miel-compagnon.com\/wp-content\/uploads\/2020\/10\/IMG_2797-rotated.jpg\" \/>\n\t<meta property=\"og:image:width\" content=\"480\" \/>\n\t<meta property=\"og:image:height\" content=\"640\" \/>\n\t<meta property=\"og:image:type\" content=\"image\/jpeg\" \/>\n<meta name=\"twitter:card\" content=\"summary_large_image\" \/>\n<script type=\"application\/ld+json\" class=\"yoast-schema-graph\">{\"@context\":\"https:\/\/schema.org\",\"@graph\":[{\"@type\":\"WebPage\",\"@id\":\"https:\/\/apiculture-jura-miel-compagnon.com\/index.php\/produit\/gelee-royale-10-gr\/\",\"url\":\"https:\/\/apiculture-jura-miel-compagnon.com\/index.php\/produit\/gelee-royale-10-gr\/\",\"name\":\"Gel\u00e9e Royale 10 Gr - Miel et Apiculture du jura - Julien Compagnon\",\"isPartOf\":{\"@id\":\"https:\/\/apiculture-jura-miel-compagnon.com\/#website\"},\"datePublished\":\"2020-10-20T12:47:49+00:00\",\"dateModified\":\"2025-10-17T07:29:26+00:00\",\"breadcrumb\":{\"@id\":\"https:\/\/apiculture-jura-miel-compagnon.com\/index.php\/produit\/gelee-royale-10-gr\/#breadcrumb\"},\"inLanguage\":\"fr-FR\",\"potentialAction\":[{\"@type\":\"ReadAction\",\"target\":[\"https:\/\/apiculture-jura-miel-compagnon.com\/index.php\/produit\/gelee-royale-10-gr\/\"]}]},{\"@type\":\"BreadcrumbList\",\"@id\":\"https:\/\/apiculture-jura-miel-compagnon.com\/index.php\/produit\/gelee-royale-10-gr\/#breadcrumb\",\"itemListElement\":[{\"@type\":\"ListItem\",\"position\":1,\"name\":\"Accueil\",\"item\":\"https:\/\/apiculture-jura-miel-compagnon.com\/\"},{\"@type\":\"ListItem\",\"position\":2,\"name\":\"Boutique\",\"item\":\"https:\/\/apiculture-jura-miel-compagnon.com\/index.php\/boutique\/\"},{\"@type\":\"ListItem\",\"position\":3,\"name\":\"Gel\u00e9e Royale 10 Gr\"}]},{\"@type\":\"WebSite\",\"@id\":\"https:\/\/apiculture-jura-miel-compagnon.com\/#website\",\"url\":\"https:\/\/apiculture-jura-miel-compagnon.com\/\",\"name\":\"Miel et Apiculture du jura - Julien Compagnon\",\"description\":\"Votre miel et apiculteur made in jura\",\"publisher\":{\"@id\":\"https:\/\/apiculture-jura-miel-compagnon.com\/#organization\"},\"potentialAction\":[{\"@type\":\"SearchAction\",\"target\":{\"@type\":\"EntryPoint\",\"urlTemplate\":\"https:\/\/apiculture-jura-miel-compagnon.com\/?s={search_term_string}\"},\"query-input\":\"required name=search_term_string\"}],\"inLanguage\":\"fr-FR\"},{\"@type\":\"Organization\",\"@id\":\"https:\/\/apiculture-jura-miel-compagnon.com\/#organization\",\"name\":\"Jul'un compagnon des abeilles\",\"url\":\"https:\/\/apiculture-jura-miel-compagnon.com\/\",\"sameAs\":[\"https:\/\/www.instagram.com\/juliencompagnonapiculteur\/\",\"https:\/\/www.facebook.com\/juliencompagnonapiculteur\"],\"logo\":{\"@type\":\"ImageObject\",\"inLanguage\":\"fr-FR\",\"@id\":\"https:\/\/apiculture-jura-miel-compagnon.com\/#\/schema\/logo\/image\/\",\"url\":\"https:\/\/apiculture-jura-miel-compagnon.com\/wp-content\/uploads\/2020\/08\/cropped-Mesa-de-trabajo-1@2x.png\",\"contentUrl\":\"https:\/\/apiculture-jura-miel-compagnon.com\/wp-content\/uploads\/2020\/08\/cropped-Mesa-de-trabajo-1@2x.png\",\"width\":2049,\"height\":964,\"caption\":\"Jul'un compagnon des abeilles\"},\"image\":{\"@id\":\"https:\/\/apiculture-jura-miel-compagnon.com\/#\/schema\/logo\/image\/\"}}]}<\/script>\n<!-- \/ Yoast SEO plugin. -->","yoast_head_json":{"title":"Gel\u00e9e Royale 10 Gr - Miel et Apiculture du jura - Julien Compagnon","robots":{"index":"index","follow":"follow","max-snippet":"max-snippet:-1","max-image-preview":"max-image-preview:large","max-video-preview":"max-video-preview:-1"},"canonical":"https:\/\/apiculture-jura-miel-compagnon.com\/index.php\/produit\/gelee-royale-10-gr\/","og_locale":"fr_FR","og_type":"article","og_title":"Gel\u00e9e Royale 10 Gr - Miel et Apiculture du jura - Julien Compagnon","og_description":"Gel\u00e9e Royale pot 10 Gr. Cure d'environ 3 semaines \u00e0 conserver au frais.","og_url":"https:\/\/apiculture-jura-miel-compagnon.com\/index.php\/produit\/gelee-royale-10-gr\/","og_site_name":"Miel et Apiculture du jura - Julien Compagnon","article_publisher":"https:\/\/www.facebook.com\/juliencompagnonapiculteur","article_modified_time":"2025-10-17T07:29:26+00:00","og_image":[{"width":480,"height":640,"url":"https:\/\/apiculture-jura-miel-compagnon.com\/wp-content\/uploads\/2020\/10\/IMG_2797-rotated.jpg","type":"image\/jpeg"}],"twitter_card":"summary_large_image","schema":{"@context":"https:\/\/schema.org","@graph":[{"@type":"WebPage","@id":"https:\/\/apiculture-jura-miel-compagnon.com\/index.php\/produit\/gelee-royale-10-gr\/","url":"https:\/\/apiculture-jura-miel-compagnon.com\/index.php\/produit\/gelee-royale-10-gr\/","name":"Gel\u00e9e Royale 10 Gr - Miel et Apiculture du jura - Julien Compagnon","isPartOf":{"@id":"https:\/\/apiculture-jura-miel-compagnon.com\/#website"},"datePublished":"2020-10-20T12:47:49+00:00","dateModified":"2025-10-17T07:29:26+00:00","breadcrumb":{"@id":"https:\/\/apiculture-jura-miel-compagnon.com\/index.php\/produit\/gelee-royale-10-gr\/#breadcrumb"},"inLanguage":"fr-FR","potentialAction":[{"@type":"ReadAction","target":["https:\/\/apiculture-jura-miel-compagnon.com\/index.php\/produit\/gelee-royale-10-gr\/"]}]},{"@type":"BreadcrumbList","@id":"https:\/\/apiculture-jura-miel-compagnon.com\/index.php\/produit\/gelee-royale-10-gr\/#breadcrumb","itemListElement":[{"@type":"ListItem","position":1,"name":"Accueil","item":"https:\/\/apiculture-jura-miel-compagnon.com\/"},{"@type":"ListItem","position":2,"name":"Boutique","item":"https:\/\/apiculture-jura-miel-compagnon.com\/index.php\/boutique\/"},{"@type":"ListItem","position":3,"name":"Gel\u00e9e Royale 10 Gr"}]},{"@type":"WebSite","@id":"https:\/\/apiculture-jura-miel-compagnon.com\/#website","url":"https:\/\/apiculture-jura-miel-compagnon.com\/","name":"Miel et Apiculture du jura - Julien Compagnon","description":"Votre miel et apiculteur made in jura","publisher":{"@id":"https:\/\/apiculture-jura-miel-compagnon.com\/#organization"},"potentialAction":[{"@type":"SearchAction","target":{"@type":"EntryPoint","urlTemplate":"https:\/\/apiculture-jura-miel-compagnon.com\/?s={search_term_string}"},"query-input":"required name=search_term_string"}],"inLanguage":"fr-FR"},{"@type":"Organization","@id":"https:\/\/apiculture-jura-miel-compagnon.com\/#organization","name":"Jul'un compagnon des abeilles","url":"https:\/\/apiculture-jura-miel-compagnon.com\/","sameAs":["https:\/\/www.instagram.com\/juliencompagnonapiculteur\/","https:\/\/www.facebook.com\/juliencompagnonapiculteur"],"logo":{"@type":"ImageObject","inLanguage":"fr-FR","@id":"https:\/\/apiculture-jura-miel-compagnon.com\/#\/schema\/logo\/image\/","url":"https:\/\/apiculture-jura-miel-compagnon.com\/wp-content\/uploads\/2020\/08\/cropped-Mesa-de-trabajo-1@2x.png","contentUrl":"https:\/\/apiculture-jura-miel-compagnon.com\/wp-content\/uploads\/2020\/08\/cropped-Mesa-de-trabajo-1@2x.png","width":2049,"height":964,"caption":"Jul'un compagnon des abeilles"},"image":{"@id":"https:\/\/apiculture-jura-miel-compagnon.com\/#\/schema\/logo\/image\/"}}]}},"jetpack_sharing_enabled":true,"_links":{"self":[{"href":"https:\/\/apiculture-jura-miel-compagnon.com\/index.php\/wp-json\/wp\/v2\/product\/865","targetHints":{"allow":["GET"]}}],"collection":[{"href":"https:\/\/apiculture-jura-miel-compagnon.com\/index.php\/wp-json\/wp\/v2\/product"}],"about":[{"href":"https:\/\/apiculture-jura-miel-compagnon.com\/index.php\/wp-json\/wp\/v2\/types\/product"}],"replies":[{"embeddable":true,"href":"https:\/\/apiculture-jura-miel-compagnon.com\/index.php\/wp-json\/wp\/v2\/comments?post=865"}],"version-history":[{"count":1,"href":"https:\/\/apiculture-jura-miel-compagnon.com\/index.php\/wp-json\/wp\/v2\/product\/865\/revisions"}],"predecessor-version":[{"id":866,"href":"https:\/\/apiculture-jura-miel-compagnon.com\/index.php\/wp-json\/wp\/v2\/product\/865\/revisions\/866"}],"wp:featuredmedia":[{"embeddable":true,"href":"https:\/\/apiculture-jura-miel-compagnon.com\/index.php\/wp-json\/wp\/v2\/media\/907"}],"wp:attachment":[{"href":"https:\/\/apiculture-jura-miel-compagnon.com\/index.php\/wp-json\/wp\/v2\/media?parent=865"}],"wp:term":[{"taxonomy":"product_brand","embeddable":true,"href":"https:\/\/apiculture-jura-miel-compagnon.com\/index.php\/wp-json\/wp\/v2\/product_brand?post=865"},{"taxonomy":"product_cat","embeddable":true,"href":"https:\/\/apiculture-jura-miel-compagnon.com\/index.php\/wp-json\/wp\/v2\/product_cat?post=865"},{"taxonomy":"product_tag","embeddable":true,"href":"https:\/\/apiculture-jura-miel-compagnon.com\/index.php\/wp-json\/wp\/v2\/product_tag?post=865"}],"curies":[{"name":"wp","href":"https:\/\/api.w.org\/{rel}","templated":true}]}}